{"id":82,"date":"2016-12-13T17:01:12","date_gmt":"2016-12-13T19:01:12","guid":{"rendered":"http:\/\/aboanapolis.com.br\/site\/?page_id=82"},"modified":"2021-02-05T17:42:27","modified_gmt":"2021-02-05T20:42:27","slug":"sobre-nos","status":"publish","type":"page","link":"https:\/\/aboanapolis.com.br\/site\/sobre-nos\/","title":{"rendered":"Sobre n\u00f3s"},"content":{"rendered":"<p>O objetivo de nossa Entidade \u00e9 congregar os cirurgi\u00f5es-dentistas e acad\u00eamicos de Odontologia, trabalhar pela uni\u00e3o, defesa e da categoria odontol\u00f3gica, cooperar para o desenvolvimento e difus\u00e3o da Odontologia, promovendo pesquisas cient\u00edficas, palestras, confer\u00eancias, demonstra\u00e7\u00f5es, cursos, semanas odontol\u00f3gicas, congressos, entre outros, bem como promover a resolu\u00e7\u00e3o de problemas que digam respeito em n\u00edveis cultural, social e econ\u00f4mico da categoria odontol\u00f3gica brasileira, cooperando com a ABO-Nacional.<\/p>\n<p>Manter e coordenar as Escolas institu\u00eddas pelo seu Departamento Cient\u00edfico, orientar a comunidade para os conhecimentos da Odontologia Social e Preventiva e colaborar com os programas p\u00fablicos que visem fins semelhantes.<\/p>\n<p>Central de Atendimento ao Paciente (CAP), com secretaria, recep\u00e7\u00e3o, sal\u00e3o de espera com banheiros masculino e feminino, bebedouros e televis\u00e3o; Cl\u00ednica equipada com 12 consult\u00f3rios destinados ao atendimento de aos cursos de atualiza\u00e7\u00e3o, aperfei\u00e7oamento e especializa\u00e7\u00e3o.<\/p>\n<p><iframe loading=\"lazy\" width=\"500\" height=\"281\" src=\"https:\/\/www.youtube.com\/embed\/rjBzEOo4dRY?feature=oembed\" frameborder=\"0\" allow=\"accelerometer; autoplay; encrypted-media; gyroscope; picture-in-picture\" allowfullscreen><\/iframe><\/p>\n<p><iframe loading=\"lazy\" width=\"500\" height=\"281\" src=\"https:\/\/www.youtube.com\/embed\/_FjIed6EHJ4?feature=oembed\" frameborder=\"0\" allow=\"accelerometer; autoplay; encrypted-media; gyroscope; picture-in-picture\" allowfullscreen><\/iframe><\/p>\n<p>&nbsp;<\/p>\n<p><iframe loading=\"lazy\" width=\"500\" height=\"281\" src=\"https:\/\/www.youtube.com\/embed\/qdyXDTP5kdk?feature=oembed\" frameborder=\"0\" allow=\"accelerometer; autoplay; encrypted-media; gyroscope; picture-in-picture\" allowfullscreen><\/iframe><\/p>\n<p>&nbsp;<\/p>\n","protected":false},"excerpt":{"rendered":"<p>O objetivo de nossa Entidade \u00e9 congregar os cirurgi\u00f5es-dentistas e acad\u00eamicos de Odontologia, trabalhar pela uni\u00e3o, defesa e da categoria odontol\u00f3gica, cooperar para o desenvolvimento e difus\u00e3o da Odontologia, promovendo pesquisas cient\u00edficas, palestras, confer\u00eancias, demonstra\u00e7\u00f5es, cursos, semanas odontol\u00f3gicas, congressos, entre outros, bem como promover a resolu\u00e7\u00e3o de problemas que digam respeito em n\u00edveis cultural, social [&hellip;]<\/p>\n","protected":false},"author":1,"featured_media":147,"parent":0,"menu_order":0,"comment_status":"closed","ping_status":"closed","template":"page-sobre.php","meta":[],"acf":[],"_links":{"self":[{"href":"https:\/\/aboanapolis.com.br\/site\/wp-json\/wp\/v2\/pages\/82"}],"collection":[{"href":"https:\/\/aboanapolis.com.br\/site\/wp-json\/wp\/v2\/pages"}],"about":[{"href":"https:\/\/aboanapolis.com.br\/site\/wp-json\/wp\/v2\/types\/page"}],"author":[{"embeddable":true,"href":"https:\/\/aboanapolis.com.br\/site\/wp-json\/wp\/v2\/users\/1"}],"replies":[{"embeddable":true,"href":"https:\/\/aboanapolis.com.br\/site\/wp-json\/wp\/v2\/comments?post=82"}],"version-history":[{"count":16,"href":"https:\/\/aboanapolis.com.br\/site\/wp-json\/wp\/v2\/pages\/82\/revisions"}],"predecessor-version":[{"id":1237,"href":"https:\/\/aboanapolis.com.br\/site\/wp-json\/wp\/v2\/pages\/82\/revisions\/1237"}],"wp:featuredmedia":[{"embeddable":true,"href":"https:\/\/aboanapolis.com.br\/site\/wp-json\/wp\/v2\/media\/147"}],"wp:attachment":[{"href":"https:\/\/aboanapolis.com.br\/site\/wp-json\/wp\/v2\/media?parent=82"}],"curies":[{"name":"wp","href":"https:\/\/api.w.org\/{rel}","templated":true}]}}